{"id":161,"date":"2026-03-26T18:27:05","date_gmt":"2026-03-26T18:27:05","guid":{"rendered":"https:\/\/seoconsultingalc.com\/aluminiosebas\/?page_id=161"},"modified":"2026-04-14T14:57:27","modified_gmt":"2026-04-14T14:57:27","slug":"politica-de-privacidad","status":"publish","type":"page","link":"https:\/\/seoconsultingalc.com\/aluminiosebas\/politica-de-privacidad\/","title":{"rendered":"Pol\u00edtica de Privacidad"},"content":{"rendered":"\t\t<div data-elementor-type=\"wp-page\" data-elementor-id=\"161\" class=\"elementor elementor-161\" data-elementor-post-type=\"page\">\n\t\t\t\t<div class=\"elementor-element elementor-element-6eb7219 e-flex e-con-boxed e-con e-parent\" data-id=\"6eb7219\" data-element_type=\"container\" data-e-type=\"container\">\n\t\t\t\t\t<div class=\"e-con-inner\">\n\t\t\t\t<div class=\"elementor-element elementor-element-7bf8f04c elementor-widget elementor-widget-text-editor\" data-id=\"7bf8f04c\" data-element_type=\"widget\" data-e-type=\"widget\" data-widget_type=\"text-editor.default\">\n\t\t\t\t\t\t\t\t\t\n<p>De acuerdo con lo establecido en el Reglamento (UE) 2016\/679 del Parlamento Europeo y del Consejo, de 27 de abril de 2016, relativo a la protecci\u00f3n de las personas f\u00edsicas en lo que respecta al tratamiento de datos personales y a la libre circulaci\u00f3n de estos datos (RGPD) y LO 3\/2018, de 5 de diciembre, de Protecci\u00f3n de Datos Personales y garant\u00eda de los derechos digitales (LOPDGDD), \u00a0les informamos sobre el tratamiento de los datos personales que nos facilitan a trav\u00e9s de esta Web<\/p>\n\n<p><strong>\u00bfQui\u00e9n es el responsable del tratamiento de sus datos personales?<\/strong><\/p>\n\n<p>Raz\u00f3n Social: GARCIA GARCIA CARPINTERIA METALICA S.L.\u00a0<\/p>\n\n<p>CIF: B88340880<\/p>\n\n<p>Direcci\u00f3n Postal: c\/ Luis I 65 nave 1, 28031 Madrid<\/p>\n\n<p>Email de contacto: administracion@aluminiosebas.com<\/p>\n\n<p><strong>\u00bfCon qu\u00e9 finalidad trataremos sus datos personales?<\/strong><\/p>\n\n<p><strong>Como Usuario de la Web:<\/strong>\u00a0Sus datos ser\u00e1n utilizados para dar respuestas \u00a0solicitudes de informaci\u00f3n, comentarios o sugerencias, a trav\u00e9s del apartado de contacto o de las direcciones de correo que aparezcan en nuestra p\u00e1gina y mantener la comunicaci\u00f3n con el interesado<\/p>\n\n<p><strong>Como seguidor en RRSS:<\/strong>\u00a0Los datos que hayas facilitado a la red social ser\u00e1n usados para mantener un seguimiento mutuo de nuestras cuentas y poder contactar contigo siempre a trav\u00e9s de la red social elegida.<\/p>\n\n<p><strong>\u00bfCu\u00e1l es la legitimaci\u00f3n para el tratamiento de sus datos personales?<\/strong><\/p>\n\n<p><strong>Como Usuario de la Web:\u00a0<\/strong>El consentimiento del interesado que nos dirige su consulta o solicitud de informaci\u00f3n o, en caso de solicitar un presupuesto de nuestros servicios, la aplicaci\u00f3n de medidas precontractuales a petici\u00f3n suya. La comunicaci\u00f3n de sus datos es necesaria para poder atender sus consultas y solicitudes, conforme a los Art. 6.1.a) y Art.6.1. b) del RGPD respectivamente<\/p>\n\n<p><strong>Como seguidor en RRSS:<\/strong>\u00a0Consentimiento del interesado, conforme al Art. 6.1.a) del RGPD<\/p>\n\n<p><strong>\u00bfPor cu\u00e1nto tiempo conservaremos sus datos personales?<\/strong><\/p>\n\n<p><strong>Como Usuario de la Web:\u00a0<\/strong>Conservados hasta cumplir su finalidad o hasta que nos revoque el consentimiento prestado<\/p>\n\n<p><strong>Como seguidor en RRSS:<\/strong>\u00a0Ser\u00e1n conservados hasta que nos revoque el consentimiento prestado o dejes de seguirnos o marques ya no me gusta<\/p>\n\n<p><strong>\u00bfCederemos sus datos personales?<\/strong><\/p>\n\n<p><strong>Como Usuario de la Web:\u00a0<\/strong>Sus datos personales no ser\u00e1n cedidos salvo por obligaci\u00f3n legal. No obstante, los datos tratados a trav\u00e9s de esta p\u00e1gina web ser\u00e1n accesibles por nuestro proveedor de hosting.<\/p>\n\n<p><strong>Como seguidor en RRSS:<\/strong>\u00a0Sus datos personales no ser\u00e1n cedidos salvo por obligaci\u00f3n legal<\/p>\n\n<p><strong>\u00bfQu\u00e9 derechos tiene cuando nos facilita sus datos personales?<\/strong><\/p>\n\n<p>Como interesado le asisten los derechos que indicamos a continuaci\u00f3n, pero tenga en cuenta que en el caso de las redes sociales nosotros accedemos a los datos personales que aparecen en su perfil como consecuencia del seguimiento mutuo realizado a nuestras cuentas de Facebook Pinterest o Instagram exclusivamente, por lo tanto, el ejercicio de los derechos sobre sus datos personales entendemos que debe realizarlos a la propia red social, a pesar de lo cual le informamos de cuales son<\/p>\n\n<p>Derecho de\u00a0<strong>Acceso<\/strong>: Usted tiene derecho a saber si se est\u00e1n tratando sus datos y a recibir esa informaci\u00f3n por escrito a trav\u00e9s del medio solicitado.<\/p>\n\n<p>Derecho de\u00a0<strong>Rectificaci\u00f3n<\/strong>: Usted tiene derecho a solicitar la rectificaci\u00f3n de sus datos si estos fuesen inexactos o incompletos.<\/p>\n\n<p>Usted tiene derecho a solicitar la\u00a0<strong>supresi\u00f3n<\/strong>\u00a0de sus datos, sin embargo, deber\u00e1 tener en cuenta que el derecho de supresi\u00f3n queda limitado cuando exista obligaci\u00f3n legal de retenci\u00f3n o bloqueo de sus datos.<\/p>\n\n<p>En determinadas circunstancias, los interesados podr\u00e1n solicitar la\u00a0<strong>limitaci\u00f3n<\/strong>\u00a0del tratamiento de sus datos, en cuyo caso \u00fanicamente los conservaremos para el ejercicio o la defensa de reclamaciones, la protecci\u00f3n de terceros o por razones de inter\u00e9s p\u00fablico importante.<\/p>\n\n<p>En determinadas circunstancias y por motivos relacionados con su situaci\u00f3n particular, Usted podr\u00e1\u00a0<strong>oponerse\u00a0<\/strong>al tratamiento de sus datos. El responsable dejar\u00e1 de tratar los datos, salvo por motivos leg\u00edtimos imperiosos, o el ejercicio o la defensa de posibles reclamaciones.<\/p>\n\n<p>Cuando el tratamiento de sus datos est\u00e9 basado en el consentimiento o sea necesario para la ejecuci\u00f3n de un contrato o precontrato y se efect\u00fae por medios automatizados, Usted tendr\u00e1 derecho a la\u00a0<strong>portabilidad<\/strong>\u00a0de sus datos, es decir, a que se le entreguen en formato estructurado, de uso com\u00fan y lectura mec\u00e1nica, incluso a remit\u00edrselos a un nuevo responsable.<\/p>\n\n<p>Para ejercitar cualquiera de los derechos indicados, puede dirigirse por escrito a la atenci\u00f3n de Aluminios Sebas S.L.\u00a0en su direcci\u00f3n postal o mediante correo electr\u00f3nico dirigido administracion@aluminiosebas.com. En todo caso, deber\u00e1 acompa\u00f1ar a la solicitud copia de su DNI para acreditar su identidad.<\/p>\n\n<p>Cualquier interesado podr\u00e1\u00a0<strong><em>presentar una reclamaci\u00f3n\u00a0<\/em><\/strong>ante la Autoridad de Control competente en materia de Protecci\u00f3n de Datos, especialmente cuando no haya obtenido satisfacci\u00f3n en el ejercicio de sus derechos y la forma de ponerse en contacto con ella ser\u00eda dirigir un escrito a Agencia Espa\u00f1ola de Protecci\u00f3n de Datos Personales en C\/Jorge Juan n.\u00ba 6, 28001 Madrid o a trav\u00e9s de su sede electr\u00f3nica en\u00a0<a href=\"http:\/\/www.agpd.es\/\">www.agpd.es<\/a><\/p>\n\t\t\t\t\t\t\t\t<\/div>\n\t\t\t\t\t<\/div>\n\t\t\t\t<\/div>\n\t\t\t\t<\/div>\n\t\t","protected":false},"excerpt":{"rendered":"<p>De acuerdo con lo establecido en el Reglamento (UE) 2016\/679 del Parlamento Europeo y del Consejo, de 27 de abril [&hellip;]<\/p>\n","protected":false},"author":1,"featured_media":0,"parent":0,"menu_order":0,"comment_status":"closed","ping_status":"closed","template":"","meta":{"_acf_changed":false,"footnotes":""},"class_list":["post-161","page","type-page","status-publish","hentry"],"acf":[],"yoast_head":"<!-- This site is optimized with the Yoast SEO plugin v27.4 - https:\/\/yoast.com\/product\/yoast-seo-wordpress\/ -->\n<title>Pol\u00edtica de Privacidad - aluminiosebas<\/title>\n<meta name=\"robots\" content=\"index, follow, max-snippet:-1, max-image-preview:large, max-video-preview:-1\" \/>\n<link rel=\"canonical\" href=\"https:\/\/seoconsultingalc.com\/aluminiosebas\/politica-de-privacidad\/\" \/>\n<meta property=\"og:locale\" content=\"es_ES\" \/>\n<meta property=\"og:type\" content=\"article\" \/>\n<meta property=\"og:title\" content=\"Pol\u00edtica de Privacidad - aluminiosebas\" \/>\n<meta property=\"og:description\" content=\"De acuerdo con lo establecido en el Reglamento (UE) 2016\/679 del Parlamento Europeo y del Consejo, de 27 de abril [&hellip;]\" \/>\n<meta property=\"og:url\" content=\"https:\/\/seoconsultingalc.com\/aluminiosebas\/politica-de-privacidad\/\" \/>\n<meta property=\"og:site_name\" content=\"aluminiosebas\" \/>\n<meta property=\"article:modified_time\" content=\"2026-04-14T14:57:27+00:00\" \/>\n<meta name=\"twitter:card\" content=\"summary_large_image\" \/>\n<meta name=\"twitter:label1\" content=\"Tiempo de lectura\" \/>\n\t<meta name=\"twitter:data1\" content=\"4 minutos\" \/>\n<script type=\"application\/ld+json\" class=\"yoast-schema-graph\">{\"@context\":\"https:\\\/\\\/schema.org\",\"@graph\":[{\"@type\":\"WebPage\",\"@id\":\"https:\\\/\\\/seoconsultingalc.com\\\/aluminiosebas\\\/politica-de-privacidad\\\/\",\"url\":\"https:\\\/\\\/seoconsultingalc.com\\\/aluminiosebas\\\/politica-de-privacidad\\\/\",\"name\":\"Pol\u00edtica de Privacidad - aluminiosebas\",\"isPartOf\":{\"@id\":\"https:\\\/\\\/seoconsultingalc.com\\\/aluminiosebas\\\/#website\"},\"datePublished\":\"2026-03-26T18:27:05+00:00\",\"dateModified\":\"2026-04-14T14:57:27+00:00\",\"breadcrumb\":{\"@id\":\"https:\\\/\\\/seoconsultingalc.com\\\/aluminiosebas\\\/politica-de-privacidad\\\/#breadcrumb\"},\"inLanguage\":\"es\",\"potentialAction\":[{\"@type\":\"ReadAction\",\"target\":[\"https:\\\/\\\/seoconsultingalc.com\\\/aluminiosebas\\\/politica-de-privacidad\\\/\"]}]},{\"@type\":\"BreadcrumbList\",\"@id\":\"https:\\\/\\\/seoconsultingalc.com\\\/aluminiosebas\\\/politica-de-privacidad\\\/#breadcrumb\",\"itemListElement\":[{\"@type\":\"ListItem\",\"position\":1,\"name\":\"Portada\",\"item\":\"https:\\\/\\\/seoconsultingalc.com\\\/aluminiosebas\\\/\"},{\"@type\":\"ListItem\",\"position\":2,\"name\":\"Pol\u00edtica de Privacidad\"}]},{\"@type\":\"WebSite\",\"@id\":\"https:\\\/\\\/seoconsultingalc.com\\\/aluminiosebas\\\/#website\",\"url\":\"https:\\\/\\\/seoconsultingalc.com\\\/aluminiosebas\\\/\",\"name\":\"aluminiosebas\",\"description\":\"\",\"publisher\":{\"@id\":\"https:\\\/\\\/seoconsultingalc.com\\\/aluminiosebas\\\/#organization\"},\"potentialAction\":[{\"@type\":\"SearchAction\",\"target\":{\"@type\":\"EntryPoint\",\"urlTemplate\":\"https:\\\/\\\/seoconsultingalc.com\\\/aluminiosebas\\\/?s={search_term_string}\"},\"query-input\":{\"@type\":\"PropertyValueSpecification\",\"valueRequired\":true,\"valueName\":\"search_term_string\"}}],\"inLanguage\":\"es\"},{\"@type\":\"Organization\",\"@id\":\"https:\\\/\\\/seoconsultingalc.com\\\/aluminiosebas\\\/#organization\",\"name\":\"aluminiosebas\",\"url\":\"https:\\\/\\\/seoconsultingalc.com\\\/aluminiosebas\\\/\",\"logo\":{\"@type\":\"ImageObject\",\"inLanguage\":\"es\",\"@id\":\"https:\\\/\\\/seoconsultingalc.com\\\/aluminiosebas\\\/#\\\/schema\\\/logo\\\/image\\\/\",\"url\":\"https:\\\/\\\/seoconsultingalc.com\\\/aluminiosebas\\\/wp-content\\\/uploads\\\/2026\\\/03\\\/logo-alu-sebas.svg\",\"contentUrl\":\"https:\\\/\\\/seoconsultingalc.com\\\/aluminiosebas\\\/wp-content\\\/uploads\\\/2026\\\/03\\\/logo-alu-sebas.svg\",\"width\":300,\"height\":145,\"caption\":\"aluminiosebas\"},\"image\":{\"@id\":\"https:\\\/\\\/seoconsultingalc.com\\\/aluminiosebas\\\/#\\\/schema\\\/logo\\\/image\\\/\"}}]}<\/script>\n<!-- \/ Yoast SEO plugin. -->","yoast_head_json":{"title":"Pol\u00edtica de Privacidad - aluminiosebas","robots":{"index":"index","follow":"follow","max-snippet":"max-snippet:-1","max-image-preview":"max-image-preview:large","max-video-preview":"max-video-preview:-1"},"canonical":"https:\/\/seoconsultingalc.com\/aluminiosebas\/politica-de-privacidad\/","og_locale":"es_ES","og_type":"article","og_title":"Pol\u00edtica de Privacidad - aluminiosebas","og_description":"De acuerdo con lo establecido en el Reglamento (UE) 2016\/679 del Parlamento Europeo y del Consejo, de 27 de abril [&hellip;]","og_url":"https:\/\/seoconsultingalc.com\/aluminiosebas\/politica-de-privacidad\/","og_site_name":"aluminiosebas","article_modified_time":"2026-04-14T14:57:27+00:00","twitter_card":"summary_large_image","twitter_misc":{"Tiempo de lectura":"4 minutos"},"schema":{"@context":"https:\/\/schema.org","@graph":[{"@type":"WebPage","@id":"https:\/\/seoconsultingalc.com\/aluminiosebas\/politica-de-privacidad\/","url":"https:\/\/seoconsultingalc.com\/aluminiosebas\/politica-de-privacidad\/","name":"Pol\u00edtica de Privacidad - aluminiosebas","isPartOf":{"@id":"https:\/\/seoconsultingalc.com\/aluminiosebas\/#website"},"datePublished":"2026-03-26T18:27:05+00:00","dateModified":"2026-04-14T14:57:27+00:00","breadcrumb":{"@id":"https:\/\/seoconsultingalc.com\/aluminiosebas\/politica-de-privacidad\/#breadcrumb"},"inLanguage":"es","potentialAction":[{"@type":"ReadAction","target":["https:\/\/seoconsultingalc.com\/aluminiosebas\/politica-de-privacidad\/"]}]},{"@type":"BreadcrumbList","@id":"https:\/\/seoconsultingalc.com\/aluminiosebas\/politica-de-privacidad\/#breadcrumb","itemListElement":[{"@type":"ListItem","position":1,"name":"Portada","item":"https:\/\/seoconsultingalc.com\/aluminiosebas\/"},{"@type":"ListItem","position":2,"name":"Pol\u00edtica de Privacidad"}]},{"@type":"WebSite","@id":"https:\/\/seoconsultingalc.com\/aluminiosebas\/#website","url":"https:\/\/seoconsultingalc.com\/aluminiosebas\/","name":"aluminiosebas","description":"","publisher":{"@id":"https:\/\/seoconsultingalc.com\/aluminiosebas\/#organization"},"potentialAction":[{"@type":"SearchAction","target":{"@type":"EntryPoint","urlTemplate":"https:\/\/seoconsultingalc.com\/aluminiosebas\/?s={search_term_string}"},"query-input":{"@type":"PropertyValueSpecification","valueRequired":true,"valueName":"search_term_string"}}],"inLanguage":"es"},{"@type":"Organization","@id":"https:\/\/seoconsultingalc.com\/aluminiosebas\/#organization","name":"aluminiosebas","url":"https:\/\/seoconsultingalc.com\/aluminiosebas\/","logo":{"@type":"ImageObject","inLanguage":"es","@id":"https:\/\/seoconsultingalc.com\/aluminiosebas\/#\/schema\/logo\/image\/","url":"https:\/\/seoconsultingalc.com\/aluminiosebas\/wp-content\/uploads\/2026\/03\/logo-alu-sebas.svg","contentUrl":"https:\/\/seoconsultingalc.com\/aluminiosebas\/wp-content\/uploads\/2026\/03\/logo-alu-sebas.svg","width":300,"height":145,"caption":"aluminiosebas"},"image":{"@id":"https:\/\/seoconsultingalc.com\/aluminiosebas\/#\/schema\/logo\/image\/"}}]}},"_links":{"self":[{"href":"https:\/\/seoconsultingalc.com\/aluminiosebas\/wp-json\/wp\/v2\/pages\/161","targetHints":{"allow":["GET"]}}],"collection":[{"href":"https:\/\/seoconsultingalc.com\/aluminiosebas\/wp-json\/wp\/v2\/pages"}],"about":[{"href":"https:\/\/seoconsultingalc.com\/aluminiosebas\/wp-json\/wp\/v2\/types\/page"}],"author":[{"embeddable":true,"href":"https:\/\/seoconsultingalc.com\/aluminiosebas\/wp-json\/wp\/v2\/users\/1"}],"replies":[{"embeddable":true,"href":"https:\/\/seoconsultingalc.com\/aluminiosebas\/wp-json\/wp\/v2\/comments?post=161"}],"version-history":[{"count":5,"href":"https:\/\/seoconsultingalc.com\/aluminiosebas\/wp-json\/wp\/v2\/pages\/161\/revisions"}],"predecessor-version":[{"id":1292,"href":"https:\/\/seoconsultingalc.com\/aluminiosebas\/wp-json\/wp\/v2\/pages\/161\/revisions\/1292"}],"wp:attachment":[{"href":"https:\/\/seoconsultingalc.com\/aluminiosebas\/wp-json\/wp\/v2\/media?parent=161"}],"curies":[{"name":"wp","href":"https:\/\/api.w.org\/{rel}","templated":true}]}}